{"id":398,"date":"2026-01-15T14:52:32","date_gmt":"2026-01-15T13:52:32","guid":{"rendered":"https:\/\/tropsteele.fr\/?post_type=product&#038;p=398"},"modified":"2026-01-15T21:23:43","modified_gmt":"2026-01-15T20:23:43","slug":"paysage-salin-les-bains","status":"publish","type":"product","link":"https:\/\/tropsteele.fr\/index.php\/produit\/paysage-salin-les-bains\/","title":{"rendered":"Paysage Salin-Les-Bains"},"content":{"rendered":"<p>Repr\u00e9sentation en m\u00e9tal de Salin-les-Bains.<\/p>\n<p>Encadr\u00e9e par ses deux forts Saint-Andr\u00e9 et Belin.<br \/>\nSes salines, sa mairie et son casino.<\/p>\n<p>36&#215;12 cm<\/p>\n","protected":false},"excerpt":{"rendered":"<p>Repr\u00e9sentation en m\u00e9tal de Salin-les-Bains. Encadr\u00e9e par ses deux forts Saint-Andr\u00e9 et Belin. Ses salines, sa mairie et son casino. 36&#215;12 cm<\/p>\n","protected":false},"featured_media":172,"comment_status":"open","ping_status":"closed","template":"","meta":[],"product_brand":[],"product_cat":[19],"product_tag":[],"class_list":{"0":"post-398","1":"product","2":"type-product","3":"status-publish","4":"has-post-thumbnail","6":"product_cat-non-classe","8":"first","9":"instock","10":"shipping-taxable","11":"purchasable","12":"product-type-simple"},"_links":{"self":[{"href":"https:\/\/tropsteele.fr\/index.php\/wp-json\/wp\/v2\/product\/398","targetHints":{"allow":["GET"]}}],"collection":[{"href":"https:\/\/tropsteele.fr\/index.php\/wp-json\/wp\/v2\/product"}],"about":[{"href":"https:\/\/tropsteele.fr\/index.php\/wp-json\/wp\/v2\/types\/product"}],"replies":[{"embeddable":true,"href":"https:\/\/tropsteele.fr\/index.php\/wp-json\/wp\/v2\/comments?post=398"}],"wp:featuredmedia":[{"embeddable":true,"href":"https:\/\/tropsteele.fr\/index.php\/wp-json\/wp\/v2\/media\/172"}],"wp:attachment":[{"href":"https:\/\/tropsteele.fr\/index.php\/wp-json\/wp\/v2\/media?parent=398"}],"wp:term":[{"taxonomy":"product_brand","embeddable":true,"href":"https:\/\/tropsteele.fr\/index.php\/wp-json\/wp\/v2\/product_brand?post=398"},{"taxonomy":"product_cat","embeddable":true,"href":"https:\/\/tropsteele.fr\/index.php\/wp-json\/wp\/v2\/product_cat?post=398"},{"taxonomy":"product_tag","embeddable":true,"href":"https:\/\/tropsteele.fr\/index.php\/wp-json\/wp\/v2\/product_tag?post=398"}],"curies":[{"name":"wp","href":"https:\/\/api.w.org\/{rel}","templated":true}]}}