{"id":395,"date":"2026-01-15T14:45:32","date_gmt":"2026-01-15T13:45:32","guid":{"rendered":"https:\/\/tropsteele.fr\/?post_type=product&#038;p=395"},"modified":"2026-01-15T21:24:09","modified_gmt":"2026-01-15T20:24:09","slug":"paysage-poligny","status":"publish","type":"product","link":"https:\/\/tropsteele.fr\/index.php\/produit\/paysage-poligny\/","title":{"rendered":"Paysage Poligny"},"content":{"rendered":"<p>Repr\u00e9sentation m\u00e9tallique de la ville de Poligny : La capitale du comt\u00e9.<\/p>\n<p>La croix du Dan, la coll\u00e9giale Saint-Hyppolite et la tour de la Sergenterie.<\/p>\n<p>36&#215;11 cm<\/p>\n","protected":false},"excerpt":{"rendered":"<p>Repr\u00e9sentation m\u00e9tallique de la ville de Poligny : La capitale du comt\u00e9. La croix du Dan, la coll\u00e9giale Saint-Hyppolite et la tour de la Sergenterie. 36&#215;11 cm<\/p>\n","protected":false},"featured_media":392,"comment_status":"open","ping_status":"closed","template":"","meta":[],"product_brand":[],"product_cat":[19],"product_tag":[],"class_list":{"0":"post-395","1":"product","2":"type-product","3":"status-publish","4":"has-post-thumbnail","6":"product_cat-non-classe","8":"first","9":"instock","10":"shipping-taxable","11":"purchasable","12":"product-type-simple"},"_links":{"self":[{"href":"https:\/\/tropsteele.fr\/index.php\/wp-json\/wp\/v2\/product\/395","targetHints":{"allow":["GET"]}}],"collection":[{"href":"https:\/\/tropsteele.fr\/index.php\/wp-json\/wp\/v2\/product"}],"about":[{"href":"https:\/\/tropsteele.fr\/index.php\/wp-json\/wp\/v2\/types\/product"}],"replies":[{"embeddable":true,"href":"https:\/\/tropsteele.fr\/index.php\/wp-json\/wp\/v2\/comments?post=395"}],"wp:featuredmedia":[{"embeddable":true,"href":"https:\/\/tropsteele.fr\/index.php\/wp-json\/wp\/v2\/media\/392"}],"wp:attachment":[{"href":"https:\/\/tropsteele.fr\/index.php\/wp-json\/wp\/v2\/media?parent=395"}],"wp:term":[{"taxonomy":"product_brand","embeddable":true,"href":"https:\/\/tropsteele.fr\/index.php\/wp-json\/wp\/v2\/product_brand?post=395"},{"taxonomy":"product_cat","embeddable":true,"href":"https:\/\/tropsteele.fr\/index.php\/wp-json\/wp\/v2\/product_cat?post=395"},{"taxonomy":"product_tag","embeddable":true,"href":"https:\/\/tropsteele.fr\/index.php\/wp-json\/wp\/v2\/product_tag?post=395"}],"curies":[{"name":"wp","href":"https:\/\/api.w.org\/{rel}","templated":true}]}}