{"id":293,"date":"2025-12-17T13:53:57","date_gmt":"2025-12-17T12:53:57","guid":{"rendered":"https:\/\/tropsteele.fr\/?post_type=product&#038;p=293"},"modified":"2026-01-23T13:30:17","modified_gmt":"2026-01-23T12:30:17","slug":"paysage-roquefort-la-bedoule","status":"publish","type":"product","link":"https:\/\/tropsteele.fr\/index.php\/produit\/paysage-roquefort-la-bedoule\/","title":{"rendered":"Paysage Roquefort la B\u00e9doule"},"content":{"rendered":"<p>D\u00e9coration en m\u00e9tal repr\u00e9sentant l&rsquo;\u00e9glise Sainte-Roseline et la colline de Roquefort avec sa croix.<\/p>\n","protected":false},"excerpt":{"rendered":"<p>D\u00e9coration en m\u00e9tal repr\u00e9sentant l&rsquo;\u00e9glise Sainte-Roseline et la colline de Roquefort avec sa croix.<\/p>\n","protected":false},"featured_media":351,"comment_status":"open","ping_status":"closed","template":"","meta":[],"product_brand":[],"product_cat":[19],"product_tag":[],"class_list":{"0":"post-293","1":"product","2":"type-product","3":"status-publish","4":"has-post-thumbnail","6":"product_cat-non-classe","8":"first","9":"instock","10":"shipping-taxable","11":"purchasable","12":"product-type-variable"},"_links":{"self":[{"href":"https:\/\/tropsteele.fr\/index.php\/wp-json\/wp\/v2\/product\/293","targetHints":{"allow":["GET"]}}],"collection":[{"href":"https:\/\/tropsteele.fr\/index.php\/wp-json\/wp\/v2\/product"}],"about":[{"href":"https:\/\/tropsteele.fr\/index.php\/wp-json\/wp\/v2\/types\/product"}],"replies":[{"embeddable":true,"href":"https:\/\/tropsteele.fr\/index.php\/wp-json\/wp\/v2\/comments?post=293"}],"wp:featuredmedia":[{"embeddable":true,"href":"https:\/\/tropsteele.fr\/index.php\/wp-json\/wp\/v2\/media\/351"}],"wp:attachment":[{"href":"https:\/\/tropsteele.fr\/index.php\/wp-json\/wp\/v2\/media?parent=293"}],"wp:term":[{"taxonomy":"product_brand","embeddable":true,"href":"https:\/\/tropsteele.fr\/index.php\/wp-json\/wp\/v2\/product_brand?post=293"},{"taxonomy":"product_cat","embeddable":true,"href":"https:\/\/tropsteele.fr\/index.php\/wp-json\/wp\/v2\/product_cat?post=293"},{"taxonomy":"product_tag","embeddable":true,"href":"https:\/\/tropsteele.fr\/index.php\/wp-json\/wp\/v2\/product_tag?post=293"}],"curies":[{"name":"wp","href":"https:\/\/api.w.org\/{rel}","templated":true}]}}