{"id":290,"date":"2025-12-16T11:05:13","date_gmt":"2025-12-16T10:05:13","guid":{"rendered":"https:\/\/tropsteele.fr\/?post_type=product&#038;p=290"},"modified":"2026-01-09T14:13:16","modified_gmt":"2026-01-09T13:13:16","slug":"tete-de-maure-corse","status":"publish","type":"product","link":"https:\/\/tropsteele.fr\/index.php\/produit\/tete-de-maure-corse\/","title":{"rendered":"T\u00eate de maure Corse"},"content":{"rendered":"<p>T\u00eate de Maure 48x47cm \u00e9paisseur 1,2mm.<\/p>\n<p>Peinture noire thermolaqu\u00e9e textur\u00e9e<\/p>\n<p>&nbsp;<\/p>\n","protected":false},"excerpt":{"rendered":"<p>T\u00eate de Maure 48x47cm<\/p>\n","protected":false},"featured_media":179,"comment_status":"open","ping_status":"closed","template":"","meta":[],"product_brand":[],"product_cat":[19],"product_tag":[],"class_list":{"0":"post-290","1":"product","2":"type-product","3":"status-publish","4":"has-post-thumbnail","6":"product_cat-non-classe","8":"first","9":"instock","10":"shipping-taxable","11":"purchasable","12":"product-type-simple"},"_links":{"self":[{"href":"https:\/\/tropsteele.fr\/index.php\/wp-json\/wp\/v2\/product\/290","targetHints":{"allow":["GET"]}}],"collection":[{"href":"https:\/\/tropsteele.fr\/index.php\/wp-json\/wp\/v2\/product"}],"about":[{"href":"https:\/\/tropsteele.fr\/index.php\/wp-json\/wp\/v2\/types\/product"}],"replies":[{"embeddable":true,"href":"https:\/\/tropsteele.fr\/index.php\/wp-json\/wp\/v2\/comments?post=290"}],"wp:featuredmedia":[{"embeddable":true,"href":"https:\/\/tropsteele.fr\/index.php\/wp-json\/wp\/v2\/media\/179"}],"wp:attachment":[{"href":"https:\/\/tropsteele.fr\/index.php\/wp-json\/wp\/v2\/media?parent=290"}],"wp:term":[{"taxonomy":"product_brand","embeddable":true,"href":"https:\/\/tropsteele.fr\/index.php\/wp-json\/wp\/v2\/product_brand?post=290"},{"taxonomy":"product_cat","embeddable":true,"href":"https:\/\/tropsteele.fr\/index.php\/wp-json\/wp\/v2\/product_cat?post=290"},{"taxonomy":"product_tag","embeddable":true,"href":"https:\/\/tropsteele.fr\/index.php\/wp-json\/wp\/v2\/product_tag?post=290"}],"curies":[{"name":"wp","href":"https:\/\/api.w.org\/{rel}","templated":true}]}}