{"id":406,"date":"2026-01-23T14:06:12","date_gmt":"2026-01-23T13:06:12","guid":{"rendered":"https:\/\/tropsteele.fr\/?page_id=406"},"modified":"2026-01-23T14:35:20","modified_gmt":"2026-01-23T13:35:20","slug":"qui-suis-je","status":"publish","type":"page","link":"https:\/\/tropsteele.fr\/index.php\/qui-suis-je\/","title":{"rendered":"Qui sommes nous ?"},"content":{"rendered":"\n\n\n<p class=\"has-text-align-center\" style=\"margin-top:var(--wp--preset--spacing--10);margin-right:var(--wp--preset--spacing--10);margin-bottom:var(--wp--preset--spacing--10);margin-left:var(--wp--preset--spacing--10)\">Je m&rsquo;appelle Mathieu DALLEST, je suis n\u00e9 \u00e0 Aubagne pr\u00e8s de Marseille \u00e0 l&rsquo;instar de Marcel Pagnol. Mais la comparaison s&rsquo;arr\u00eate ici.<br>J&rsquo;ai grandi dans le village \u00e0 c\u00f4t\u00e9, Roquefort la B\u00e9doule dans lequel ma famille vie depuis plusieurs g\u00e9n\u00e9rations. <br>J&rsquo;aime ma famille, les voyages, la p\u00e9tanque, les jeux vid\u00e9os, et je suis \u00e0 mon grand regret un supporter inconditionnel de l&rsquo;OM. <br>Ing\u00e9nieur de formation, j&rsquo;ai travaill\u00e9 dans l&rsquo;industrie pendant pr\u00e8s de dix ans dans divers domaines, qui avaient tous en commun, la conception et la chaudronnerie.<br>Je suis aujourd&rsquo;hui exil\u00e9 dans la magnifique r\u00e9gion du Jura, \u00e0 Poligny, la capitale du comt\u00e9. Dans laquelle, je vis avec ma conjointe et mes deux merveilleuses filles.<br>Je mets mon expertise \u00e0 votre service pour transformez vos id\u00e9es en de magnifiques cr\u00e9ations qui \u00e9pateront votre entourage.<\/p>\n","protected":false},"excerpt":{"rendered":"<p>Je m&rsquo;appelle Mathieu DALLEST, je suis n\u00e9 \u00e0 Aubagne pr\u00e8s de Marseille \u00e0 l&rsquo;instar de Marcel Pagnol. Mais la comparaison s&rsquo;arr\u00eate ici.J&rsquo;ai grandi dans le village \u00e0 c\u00f4t\u00e9, Roquefort la B\u00e9doule dans lequel ma famille vie depuis plusieurs g\u00e9n\u00e9rations. J&rsquo;aime ma famille, les voyages, la p\u00e9tanque, les jeux vid\u00e9os, et je suis \u00e0 mon grand [&hellip;]<\/p>\n","protected":false},"author":1,"featured_media":0,"parent":0,"menu_order":0,"comment_status":"closed","ping_status":"closed","template":"","meta":{"footnotes":""},"class_list":["post-406","page","type-page","status-publish","hentry"],"_links":{"self":[{"href":"https:\/\/tropsteele.fr\/index.php\/wp-json\/wp\/v2\/pages\/406","targetHints":{"allow":["GET"]}}],"collection":[{"href":"https:\/\/tropsteele.fr\/index.php\/wp-json\/wp\/v2\/pages"}],"about":[{"href":"https:\/\/tropsteele.fr\/index.php\/wp-json\/wp\/v2\/types\/page"}],"author":[{"embeddable":true,"href":"https:\/\/tropsteele.fr\/index.php\/wp-json\/wp\/v2\/users\/1"}],"replies":[{"embeddable":true,"href":"https:\/\/tropsteele.fr\/index.php\/wp-json\/wp\/v2\/comments?post=406"}],"version-history":[{"count":6,"href":"https:\/\/tropsteele.fr\/index.php\/wp-json\/wp\/v2\/pages\/406\/revisions"}],"predecessor-version":[{"id":415,"href":"https:\/\/tropsteele.fr\/index.php\/wp-json\/wp\/v2\/pages\/406\/revisions\/415"}],"wp:attachment":[{"href":"https:\/\/tropsteele.fr\/index.php\/wp-json\/wp\/v2\/media?parent=406"}],"curies":[{"name":"wp","href":"https:\/\/api.w.org\/{rel}","templated":true}]}}