{"id":151,"date":"2025-12-02T20:25:03","date_gmt":"2025-12-02T19:25:03","guid":{"rendered":"https:\/\/tropsteele.fr\/?page_id=151"},"modified":"2026-01-15T21:30:06","modified_gmt":"2026-01-15T20:30:06","slug":"accueil","status":"publish","type":"page","link":"https:\/\/tropsteele.fr\/","title":{"rendered":"Accueil"},"content":{"rendered":"\n<div class=\"wp-block-group alignfull has-global-padding is-layout-constrained wp-container-core-group-is-layout-4062b888 wp-block-group-is-layout-constrained\" style=\"padding-top:var(--wp--preset--spacing--20);padding-right:var(--wp--preset--spacing--50);padding-bottom:var(--wp--preset--spacing--20);padding-left:var(--wp--preset--spacing--50)\">\n<div class=\"wp-block-group has-global-padding is-layout-constrained wp-container-core-group-is-layout-1c6bf157 wp-block-group-is-layout-constrained\" style=\"margin-top:0;margin-bottom:0;padding-top:0;padding-bottom:0\">\n<h1 class=\"wp-block-heading has-text-align-center has-x-large-font-size\">Transformez une id\u00e9e, un souvenir, en une pi\u00e8ce de d\u00e9coration unique<\/h1>\n\n\n\n<p class=\"has-text-align-center\"><\/p>\n<\/div>\n\n\n\n<p class=\"page_entiere has-contrast-color has-text-color has-link-color wp-elements-38287a94bef68f53730553bffb4c6d8d\"><\/p>\n<\/div>\n\n\n\n<div class=\"wp-block-group alignfull has-base-color has-contrast-background-color has-text-color has-background is-vertical is-content-justification-center is-layout-flex wp-container-core-group-is-layout-6281d874 wp-block-group-is-layout-flex\" style=\"margin-top:0;margin-bottom:0;padding-top:var(--wp--preset--spacing--30);padding-right:var(--wp--preset--spacing--60);padding-bottom:var(--wp--preset--spacing--30);padding-left:var(--wp--preset--spacing--60)\">\n<div class=\"wp-block-group has-global-padding is-layout-constrained wp-block-group-is-layout-constrained\">\n<p class=\"has-text-align-center has-base-color has-text-color has-heading-font-family has-x-large-font-size\" style=\"line-height:1.2\"><em>\u00ab Cr\u00e9er c&rsquo;est se souvenir.&nbsp;\u00bb<\/em><\/p>\n<\/div>\n<\/div>\n\n\n\n<h2 class=\"wp-block-heading alignwide has-x-large-font-size\" style=\"margin-top:0;margin-bottom:var(--wp--preset--spacing--20);line-height:1\">Imaginez, cr\u00e9ez, \u00e9patez.<\/h2>\n\n\n\n<div class=\"wp-block-group alignwide has-global-padding is-layout-constrained wp-container-core-group-is-layout-7cafb4d4 wp-block-group-is-layout-constrained\" style=\"margin-top:var(--wp--preset--spacing--30);margin-bottom:var(--wp--preset--spacing--30);padding-top:0;padding-bottom:0\">\n<h2 class=\"wp-block-heading has-text-align-center\"><strong>Cr\u00e9ations sur-mesure personnalis\u00e9es<\/strong><\/h2>\n\n\n\n<div class=\"wp-block-columns is-layout-flex wp-container-core-columns-is-layout-cbe57604 wp-block-columns-is-layout-flex\">\n<div class=\"wp-block-column is-layout-flow wp-block-column-is-layout-flow\">\n<figure class=\"wp-block-image size-full\"><img fetchpriority=\"high\" decoding=\"async\" width=\"1920\" height=\"2560\" src=\"https:\/\/tropsteele.fr\/wp-content\/uploads\/2026\/01\/20251225_152031-scaled.jpg\" alt=\"\" class=\"wp-image-369\" srcset=\"https:\/\/tropsteele.fr\/wp-content\/uploads\/2026\/01\/20251225_152031-scaled.jpg 1920w, https:\/\/tropsteele.fr\/wp-content\/uploads\/2026\/01\/20251225_152031-225x300.jpg 225w\" sizes=\"(max-width: 1920px) 100vw, 1920px\" \/><\/figure>\n<\/div>\n\n\n\n<div class=\"wp-block-column is-layout-flow wp-block-column-is-layout-flow\">\n<figure class=\"wp-block-image size-full\"><img decoding=\"async\" src=\"https:\/\/tropsteele.fr\/wp-content\/uploads\/2026\/01\/20251225_120953.jpg\" alt=\"\" class=\"wp-image-368\"\/><\/figure>\n<\/div>\n<\/div>\n\n\n\n<div class=\"wp-block-columns is-layout-flex wp-container-core-columns-is-layout-cbe57604 wp-block-columns-is-layout-flex\">\n<div class=\"wp-block-column is-layout-flow wp-block-column-is-layout-flow\">\n<figure class=\"wp-block-image size-full\"><img decoding=\"async\" width=\"2560\" height=\"1920\" src=\"https:\/\/tropsteele.fr\/wp-content\/uploads\/2026\/01\/20251226_104635-scaled.jpg\" alt=\"\" class=\"wp-image-366\" srcset=\"https:\/\/tropsteele.fr\/wp-content\/uploads\/2026\/01\/20251226_104635-scaled.jpg 2560w, https:\/\/tropsteele.fr\/wp-content\/uploads\/2026\/01\/20251226_104635-300x225.jpg 300w, https:\/\/tropsteele.fr\/wp-content\/uploads\/2026\/01\/20251226_104635-1024x768.jpg 1024w, https:\/\/tropsteele.fr\/wp-content\/uploads\/2026\/01\/20251226_104635-768x576.jpg 768w, https:\/\/tropsteele.fr\/wp-content\/uploads\/2026\/01\/20251226_104635-1536x1152.jpg 1536w, https:\/\/tropsteele.fr\/wp-content\/uploads\/2026\/01\/20251226_104635-2048x1536.jpg 2048w, https:\/\/tropsteele.fr\/wp-content\/uploads\/2026\/01\/20251226_104635-600x450.jpg 600w\" sizes=\"(max-width: 2560px) 100vw, 2560px\" \/><\/figure>\n<\/div>\n\n\n\n<div class=\"wp-block-column is-layout-flow wp-block-column-is-layout-flow\">\n<figure class=\"wp-block-image size-full\"><img decoding=\"async\" width=\"2560\" height=\"2426\" src=\"https:\/\/tropsteele.fr\/wp-content\/uploads\/2026\/01\/Alban-scaled.jpg\" alt=\"\" class=\"wp-image-370\" srcset=\"https:\/\/tropsteele.fr\/wp-content\/uploads\/2026\/01\/Alban-scaled.jpg 2560w, https:\/\/tropsteele.fr\/wp-content\/uploads\/2026\/01\/Alban-300x284.jpg 300w, https:\/\/tropsteele.fr\/wp-content\/uploads\/2026\/01\/Alban-1024x971.jpg 1024w, https:\/\/tropsteele.fr\/wp-content\/uploads\/2026\/01\/Alban-768x728.jpg 768w, https:\/\/tropsteele.fr\/wp-content\/uploads\/2026\/01\/Alban-1536x1456.jpg 1536w, https:\/\/tropsteele.fr\/wp-content\/uploads\/2026\/01\/Alban-2048x1941.jpg 2048w, https:\/\/tropsteele.fr\/wp-content\/uploads\/2026\/01\/Alban-600x569.jpg 600w\" sizes=\"(max-width: 2560px) 100vw, 2560px\" \/><\/figure>\n<\/div>\n<\/div>\n<\/div>\n\n\n\n<div class=\"wp-block-group alignwide has-global-padding is-layout-constrained wp-block-group-is-layout-constrained\" style=\"margin-top:var(--wp--preset--spacing--40);margin-bottom:var(--wp--preset--spacing--40)\">\n<h2 class=\"wp-block-heading has-text-align-center\"><strong>Cr\u00e9ations Trop Steel\u00e9<\/strong><\/h2>\n\n\n\n<h3 class=\"wp-block-heading\" style=\"margin-top:var(--wp--preset--spacing--30);margin-bottom:var(--wp--preset--spacing--30)\">Villes<\/h3>\n\n\n\n<div class=\"wp-block-columns is-layout-flex wp-container-core-columns-is-layout-3d378c62 wp-block-columns-is-layout-flex\" style=\"margin-top:var(--wp--preset--spacing--40);margin-bottom:var(--wp--preset--spacing--40)\">\n<div class=\"wp-block-column is-layout-flow wp-container-core-column-is-layout-8a368f38 wp-block-column-is-layout-flow\">\n<figure class=\"wp-block-image size-large\"><a href=\"https:\/\/tropsteele.fr\/index.php\/produit\/paysage-cassis\/\"><img loading=\"lazy\" decoding=\"async\" width=\"1024\" height=\"819\" src=\"https:\/\/tropsteele.fr\/wp-content\/uploads\/2025\/12\/Cassis-2-1024x819.jpg\" alt=\"\" class=\"wp-image-170\" style=\"aspect-ratio:1;object-fit:cover\" srcset=\"https:\/\/tropsteele.fr\/wp-content\/uploads\/2025\/12\/Cassis-2-1024x819.jpg 1024w, https:\/\/tropsteele.fr\/wp-content\/uploads\/2025\/12\/Cassis-2-300x240.jpg 300w, https:\/\/tropsteele.fr\/wp-content\/uploads\/2025\/12\/Cassis-2-768x614.jpg 768w, https:\/\/tropsteele.fr\/wp-content\/uploads\/2025\/12\/Cassis-2.jpg 1350w\" sizes=\"(max-width: 1024px) 100vw, 1024px\" \/><\/a><\/figure>\n\n\n\n<p class=\"has-text-align-center\"><strong><a href=\"https:\/\/tropsteele.fr\/index.php\/produit\/paysage-cassis\/\">Paysage Cassis<br>45\u20ac<\/a><\/strong><\/p>\n<\/div>\n\n\n\n<div class=\"wp-block-column is-layout-flow wp-container-core-column-is-layout-8a368f38 wp-block-column-is-layout-flow\">\n<figure class=\"wp-block-image size-large\"><a href=\"https:\/\/tropsteele.fr\/index.php\/produit\/paysage-roquefort-la-bedoule\/\"><img loading=\"lazy\" decoding=\"async\" width=\"1024\" height=\"819\" src=\"https:\/\/tropsteele.fr\/wp-content\/uploads\/2026\/01\/RLB-1024x819.jpg\" alt=\"\" class=\"wp-image-351\" style=\"aspect-ratio:1;object-fit:cover\" srcset=\"https:\/\/tropsteele.fr\/wp-content\/uploads\/2026\/01\/RLB-1024x819.jpg 1024w, https:\/\/tropsteele.fr\/wp-content\/uploads\/2026\/01\/RLB-300x240.jpg 300w, https:\/\/tropsteele.fr\/wp-content\/uploads\/2026\/01\/RLB-768x614.jpg 768w, https:\/\/tropsteele.fr\/wp-content\/uploads\/2026\/01\/RLB-600x480.jpg 600w, https:\/\/tropsteele.fr\/wp-content\/uploads\/2026\/01\/RLB.jpg 1350w\" sizes=\"(max-width: 1024px) 100vw, 1024px\" \/><\/a><\/figure>\n\n\n\n<p class=\"has-text-align-center\"><strong><a href=\"https:\/\/tropsteele.fr\/index.php\/produit\/paysage-roquefort-la-bedoule\/\">Paysage Roquefort la B\u00e9doule<br>A partir de 45\u20ac<\/a><\/strong><\/p>\n<\/div>\n<\/div>\n\n\n\n<div class=\"wp-block-columns is-layout-flex wp-container-core-columns-is-layout-3d378c62 wp-block-columns-is-layout-flex\" style=\"margin-top:var(--wp--preset--spacing--40);margin-bottom:var(--wp--preset--spacing--40)\">\n<div class=\"wp-block-column is-layout-flow wp-container-core-column-is-layout-8a368f38 wp-block-column-is-layout-flow\">\n<figure class=\"wp-block-image size-large\"><a href=\"https:\/\/tropsteele.fr\/index.php\/produit\/paysage-poligny\/\"><img loading=\"lazy\" decoding=\"async\" width=\"1024\" height=\"819\" src=\"https:\/\/tropsteele.fr\/wp-content\/uploads\/2026\/01\/Poligny-MDcomte-1024x819.jpg\" alt=\"\" class=\"wp-image-392\" style=\"aspect-ratio:1;object-fit:cover\" srcset=\"https:\/\/tropsteele.fr\/wp-content\/uploads\/2026\/01\/Poligny-MDcomte-1024x819.jpg 1024w, https:\/\/tropsteele.fr\/wp-content\/uploads\/2026\/01\/Poligny-MDcomte-300x240.jpg 300w, https:\/\/tropsteele.fr\/wp-content\/uploads\/2026\/01\/Poligny-MDcomte-768x614.jpg 768w, https:\/\/tropsteele.fr\/wp-content\/uploads\/2026\/01\/Poligny-MDcomte-600x480.jpg 600w, https:\/\/tropsteele.fr\/wp-content\/uploads\/2026\/01\/Poligny-MDcomte.jpg 1350w\" sizes=\"(max-width: 1024px) 100vw, 1024px\" \/><\/a><\/figure>\n\n\n\n<p class=\"has-text-align-center\"><strong><a href=\"https:\/\/tropsteele.fr\/index.php\/produit\/paysage-poligny\/\">Paysage Poligny<br>45\u20ac<\/a><\/strong><\/p>\n<\/div>\n\n\n\n<div class=\"wp-block-column is-layout-flow wp-container-core-column-is-layout-8a368f38 wp-block-column-is-layout-flow\">\n<figure class=\"wp-block-image size-large\"><a href=\"https:\/\/tropsteele.fr\/index.php\/produit\/paysage-arbois\/\"><img loading=\"lazy\" decoding=\"async\" width=\"1024\" height=\"819\" src=\"https:\/\/tropsteele.fr\/wp-content\/uploads\/2026\/01\/Arbois-tonneau-1024x819.jpg\" alt=\"\" class=\"wp-image-393\" style=\"aspect-ratio:1;object-fit:cover\" srcset=\"https:\/\/tropsteele.fr\/wp-content\/uploads\/2026\/01\/Arbois-tonneau-1024x819.jpg 1024w, https:\/\/tropsteele.fr\/wp-content\/uploads\/2026\/01\/Arbois-tonneau-300x240.jpg 300w, https:\/\/tropsteele.fr\/wp-content\/uploads\/2026\/01\/Arbois-tonneau-768x614.jpg 768w, https:\/\/tropsteele.fr\/wp-content\/uploads\/2026\/01\/Arbois-tonneau-600x480.jpg 600w, https:\/\/tropsteele.fr\/wp-content\/uploads\/2026\/01\/Arbois-tonneau.jpg 1350w\" sizes=\"(max-width: 1024px) 100vw, 1024px\" \/><\/a><\/figure>\n\n\n\n<p class=\"has-text-align-center\"><strong><a href=\"https:\/\/tropsteele.fr\/index.php\/produit\/paysage-arbois\/\">Paysage Arbois<br>A partir de 45\u20ac<\/a><\/strong><\/p>\n<\/div>\n<\/div>\n\n\n\n<div class=\"wp-block-columns is-layout-flex wp-container-core-columns-is-layout-3d378c62 wp-block-columns-is-layout-flex\" style=\"margin-top:var(--wp--preset--spacing--40);margin-bottom:var(--wp--preset--spacing--40)\">\n<div class=\"wp-block-column is-layout-flow wp-container-core-column-is-layout-8a368f38 wp-block-column-is-layout-flow\">\n<figure class=\"wp-block-image size-large\"><a href=\"https:\/\/tropsteele.fr\/index.php\/produit\/paysage-salin-les-bains\/\"><img loading=\"lazy\" decoding=\"async\" width=\"1024\" height=\"791\" src=\"https:\/\/tropsteele.fr\/wp-content\/uploads\/2026\/01\/Salin-2-1024x791.jpg\" alt=\"\" class=\"wp-image-375\" style=\"aspect-ratio:1;object-fit:cover\" srcset=\"https:\/\/tropsteele.fr\/wp-content\/uploads\/2026\/01\/Salin-2-1024x791.jpg 1024w, https:\/\/tropsteele.fr\/wp-content\/uploads\/2026\/01\/Salin-2-300x232.jpg 300w, https:\/\/tropsteele.fr\/wp-content\/uploads\/2026\/01\/Salin-2-768x593.jpg 768w, https:\/\/tropsteele.fr\/wp-content\/uploads\/2026\/01\/Salin-2.jpg 1398w\" sizes=\"(max-width: 1024px) 100vw, 1024px\" \/><\/a><\/figure>\n\n\n\n<p class=\"has-text-align-center\"><strong><a href=\"https:\/\/tropsteele.fr\/index.php\/produit\/paysage-salin-les-bains\/\">Paysage Salin-les-bains<br>45\u20ac<\/a><\/strong><\/p>\n<\/div>\n\n\n<\/div>\n\n\n\n<h3 class=\"wp-block-heading\" style=\"margin-top:var(--wp--preset--spacing--30);margin-bottom:var(--wp--preset--spacing--30)\">Fiert\u00e9s locales<\/h3>\n\n\n\n<div class=\"wp-block-columns is-layout-flex wp-container-core-columns-is-layout-ebfead65 wp-block-columns-is-layout-flex\" style=\"margin-top:var(--wp--preset--spacing--20);margin-bottom:var(--wp--preset--spacing--20);padding-right:0;padding-left:0\">\n<div class=\"wp-block-column is-layout-flow wp-container-core-column-is-layout-119bc444 wp-block-column-is-layout-flow\">\n<div class=\"wp-block-columns is-layout-flex wp-container-core-columns-is-layout-f369e703 wp-block-columns-is-layout-flex\" style=\"margin-top:var(--wp--preset--spacing--10);margin-bottom:var(--wp--preset--spacing--10)\">\n<div class=\"wp-block-column is-layout-flow wp-container-core-column-is-layout-470e7e12 wp-block-column-is-layout-flow\" style=\"padding-top:0;padding-right:0;padding-bottom:0;padding-left:0;flex-basis:400px\">\n<figure class=\"wp-block-image size-large has-custom-border\" style=\"margin-right:0;margin-left:0\"><a href=\"https:\/\/tropsteele.fr\/index.php\/produit\/tete-de-maure-corse\/\"><img loading=\"lazy\" decoding=\"async\" width=\"1024\" height=\"819\" src=\"https:\/\/tropsteele.fr\/wp-content\/uploads\/2025\/12\/Tete-corse-1024x819.jpg\" alt=\"\" class=\"wp-image-179\" style=\"border-style:none;border-width:0px;aspect-ratio:1;object-fit:cover\" srcset=\"https:\/\/tropsteele.fr\/wp-content\/uploads\/2025\/12\/Tete-corse-1024x819.jpg 1024w, https:\/\/tropsteele.fr\/wp-content\/uploads\/2025\/12\/Tete-corse-300x240.jpg 300w, https:\/\/tropsteele.fr\/wp-content\/uploads\/2025\/12\/Tete-corse-768x614.jpg 768w, https:\/\/tropsteele.fr\/wp-content\/uploads\/2025\/12\/Tete-corse.jpg 1350w\" sizes=\"(max-width: 1024px) 100vw, 1024px\" \/><\/a><\/figure>\n\n\n\n<p class=\"has-text-align-center\"><a href=\"https:\/\/tropsteele.fr\/index.php\/produit\/tete-de-maure-corse\/\" data-type=\"link\" data-id=\"https:\/\/tropsteele.fr\/index.php\/produit\/tete-de-maure-corse\/\"><strong>T\u00eate de Maure Corse<\/strong><br><strong>80\u20ac<\/strong><\/a><\/p>\n<\/div>\n\n\n\n<div class=\"wp-block-column is-layout-flow wp-block-column-is-layout-flow\"><\/div>\n<\/div>\n<\/div>\n\n\n\n<div class=\"wp-block-column is-layout-flow wp-container-core-column-is-layout-8a368f38 wp-block-column-is-layout-flow\">\n<figure class=\"wp-block-image size-large\"><a href=\"https:\/\/tropsteele.fr\/index.php\/produit\/logo-marseille\/\"><img decoding=\"async\" src=\"https:\/\/tropsteele.fr\/wp-content\/uploads\/2025\/11\/20250608_173527-1-1024x768.jpg\" alt=\"\" class=\"wp-image-80\" style=\"aspect-ratio:1;object-fit:cover\"\/><\/a><\/figure>\n\n\n\n<p class=\"has-text-align-center\"><strong><a href=\"https:\/\/tropsteele.fr\/index.php\/produit\/logo-marseille\/\">Logo club local d\u00e9cevant<br>35\u20ac<\/a><\/strong><\/p>\n<\/div>\n<\/div>\n\n\n\n<div class=\"wp-block-columns is-layout-flex wp-container-core-columns-is-layout-ebfead65 wp-block-columns-is-layout-flex\" style=\"margin-top:var(--wp--preset--spacing--20);margin-bottom:var(--wp--preset--spacing--20);padding-right:0;padding-left:0\">\n<div class=\"wp-block-column is-layout-flow wp-container-core-column-is-layout-119bc444 wp-block-column-is-layout-flow\">\n<div class=\"wp-block-columns is-layout-flex wp-container-core-columns-is-layout-f369e703 wp-block-columns-is-layout-flex\" style=\"margin-top:var(--wp--preset--spacing--10);margin-bottom:var(--wp--preset--spacing--10)\">\n<div class=\"wp-block-column is-layout-flow wp-container-core-column-is-layout-470e7e12 wp-block-column-is-layout-flow\" style=\"padding-top:0;padding-right:0;padding-bottom:0;padding-left:0;flex-basis:400px\">\n<figure class=\"wp-block-image size-large has-custom-border\" style=\"margin-right:0;margin-left:0\"><a href=\"https:\/\/tropsteele.fr\/index.php\/produit\/logo-stade-toulousain\/\"><img loading=\"lazy\" decoding=\"async\" width=\"1024\" height=\"979\" src=\"https:\/\/tropsteele.fr\/wp-content\/uploads\/2025\/12\/Stade-toulousain-1024x979.jpg\" alt=\"\" class=\"wp-image-168\" style=\"border-style:none;border-width:0px;aspect-ratio:1;object-fit:cover\" srcset=\"https:\/\/tropsteele.fr\/wp-content\/uploads\/2025\/12\/Stade-toulousain-1024x979.jpg 1024w, https:\/\/tropsteele.fr\/wp-content\/uploads\/2025\/12\/Stade-toulousain-300x287.jpg 300w, https:\/\/tropsteele.fr\/wp-content\/uploads\/2025\/12\/Stade-toulousain-768x734.jpg 768w, https:\/\/tropsteele.fr\/wp-content\/uploads\/2025\/12\/Stade-toulousain-1536x1468.jpg 1536w, https:\/\/tropsteele.fr\/wp-content\/uploads\/2025\/12\/Stade-toulousain.jpg 1746w\" sizes=\"(max-width: 1024px) 100vw, 1024px\" \/><\/a><\/figure>\n\n\n\n<p class=\"has-text-align-center\"><a href=\"https:\/\/tropsteele.fr\/index.php\/produit\/logo-stade-toulousain\/\" data-type=\"link\" data-id=\"https:\/\/tropsteele.fr\/index.php\/produit\/tete-de-maure-corse\/\"><strong>Logo \u00e9quipe Toulouse<\/strong><br><strong>50\u20ac<\/strong><\/a><\/p>\n<\/div>\n\n\n\n<div class=\"wp-block-column is-layout-flow wp-block-column-is-layout-flow\"><\/div>\n<\/div>\n<\/div>\n\n\n\n<div class=\"wp-block-column is-layout-flow wp-container-core-column-is-layout-8a368f38 wp-block-column-is-layout-flow\">\n<figure class=\"wp-block-image size-large\"><a href=\"https:\/\/tropsteele.fr\/index.php\/produit\/corse-triangle\/\"><img loading=\"lazy\" decoding=\"async\" width=\"1024\" height=\"819\" src=\"https:\/\/tropsteele.fr\/wp-content\/uploads\/2025\/12\/Corse-triangle-2-1024x819.jpg\" alt=\"\" class=\"wp-image-178\" style=\"aspect-ratio:1;object-fit:cover\" srcset=\"https:\/\/tropsteele.fr\/wp-content\/uploads\/2025\/12\/Corse-triangle-2-1024x819.jpg 1024w, https:\/\/tropsteele.fr\/wp-content\/uploads\/2025\/12\/Corse-triangle-2-300x240.jpg 300w, https:\/\/tropsteele.fr\/wp-content\/uploads\/2025\/12\/Corse-triangle-2-768x614.jpg 768w, https:\/\/tropsteele.fr\/wp-content\/uploads\/2025\/12\/Corse-triangle-2.jpg 1350w\" sizes=\"(max-width: 1024px) 100vw, 1024px\" \/><\/a><\/figure>\n\n\n\n<p class=\"has-text-align-center\"><strong><a href=\"https:\/\/tropsteele.fr\/index.php\/produit\/corse-triangle\/\">Corse triangle<br>45\u20ac<\/a><\/strong><\/p>\n<\/div>\n<\/div>\n\n\n\n<h3 class=\"wp-block-heading\" style=\"margin-top:var(--wp--preset--spacing--30);margin-bottom:var(--wp--preset--spacing--30)\">Pop culture<\/h3>\n\n\n\n<div class=\"wp-block-columns is-layout-flex wp-container-core-columns-is-layout-ebfead65 wp-block-columns-is-layout-flex\" style=\"margin-top:var(--wp--preset--spacing--20);margin-bottom:var(--wp--preset--spacing--20);padding-right:0;padding-left:0\">\n<div class=\"wp-block-column is-layout-flow wp-container-core-column-is-layout-119bc444 wp-block-column-is-layout-flow\">\n<div class=\"wp-block-columns is-layout-flex wp-container-core-columns-is-layout-f369e703 wp-block-columns-is-layout-flex\" style=\"margin-top:var(--wp--preset--spacing--10);margin-bottom:var(--wp--preset--spacing--10)\">\n<div class=\"wp-block-column is-layout-flow wp-container-core-column-is-layout-470e7e12 wp-block-column-is-layout-flow\" style=\"padding-top:0;padding-right:0;padding-bottom:0;padding-left:0;flex-basis:400px\">\n<figure class=\"wp-block-image size-full has-custom-border\" style=\"margin-right:0;margin-left:0\"><a href=\"https:\/\/tropsteele.fr\/index.php\/produit\/totopot\/\"><img loading=\"lazy\" decoding=\"async\" width=\"1920\" height=\"2560\" src=\"https:\/\/tropsteele.fr\/wp-content\/uploads\/2026\/01\/20260112_105113-scaled.jpg\" alt=\"\" class=\"wp-image-380\" style=\"border-style:none;border-width:0px\" srcset=\"https:\/\/tropsteele.fr\/wp-content\/uploads\/2026\/01\/20260112_105113-scaled.jpg 1920w, https:\/\/tropsteele.fr\/wp-content\/uploads\/2026\/01\/20260112_105113-225x300.jpg 225w\" sizes=\"(max-width: 1920px) 100vw, 1920px\" \/><\/a><\/figure>\n\n\n\n<p class=\"has-text-align-center\"><a href=\"https:\/\/tropsteele.fr\/index.php\/produit\/totopot\/\" data-type=\"link\" data-id=\"https:\/\/tropsteele.fr\/index.php\/produit\/tete-de-maure-corse\/\"><strong>Totopot<\/strong><br><strong>25\u20ac<\/strong><\/a><\/p>\n<\/div>\n\n\n\n<div class=\"wp-block-column is-layout-flow wp-block-column-is-layout-flow\"><\/div>\n<\/div>\n<\/div>\n\n\n\n<div class=\"wp-block-column is-layout-flow wp-container-core-column-is-layout-8a368f38 wp-block-column-is-layout-flow\">\n<figure class=\"wp-block-image size-full\"><img loading=\"lazy\" decoding=\"async\" width=\"791\" height=\"625\" src=\"https:\/\/tropsteele.fr\/wp-content\/uploads\/2026\/01\/image-pq.jpg\" alt=\"\" class=\"wp-image-386\" style=\"aspect-ratio:1;object-fit:cover\" srcset=\"https:\/\/tropsteele.fr\/wp-content\/uploads\/2026\/01\/image-pq.jpg 791w, https:\/\/tropsteele.fr\/wp-content\/uploads\/2026\/01\/image-pq-300x237.jpg 300w, https:\/\/tropsteele.fr\/wp-content\/uploads\/2026\/01\/image-pq-768x607.jpg 768w, https:\/\/tropsteele.fr\/wp-content\/uploads\/2026\/01\/image-pq-600x474.jpg 600w\" sizes=\"(max-width: 791px) 100vw, 791px\" \/><\/figure>\n\n\n\n<p class=\"has-text-align-center\"><strong><a href=\"https:\/\/tropsteele.fr\/index.php\/produit\/logo-marseille\/\">Kakamehameha<br>45\u20ac<\/a><\/strong><\/p>\n<\/div>\n<\/div>\n<\/div>\n\n\n\n<div class=\"wp-block-group alignwide has-global-padding is-layout-constrained wp-container-core-group-is-layout-8776af09 wp-block-group-is-layout-constrained\" style=\"margin-top:var(--wp--preset--spacing--50);margin-bottom:var(--wp--preset--spacing--50);padding-top:0;padding-bottom:0\">\n<figure class=\"wp-block-image aligncenter size-full is-resized has-custom-border\" style=\"margin-top:0;margin-right:0;margin-bottom:0;margin-left:0\"><img loading=\"lazy\" decoding=\"async\" width=\"325\" height=\"164\" src=\"https:\/\/tropsteele.fr\/wp-content\/uploads\/2026\/01\/Made-in-France.jpg\" alt=\"\" class=\"wp-image-316\" style=\"border-style:none;border-width:0px;aspect-ratio:1.9817407181984175;width:160px;height:auto\" srcset=\"https:\/\/tropsteele.fr\/wp-content\/uploads\/2026\/01\/Made-in-France.jpg 325w, https:\/\/tropsteele.fr\/wp-content\/uploads\/2026\/01\/Made-in-France-300x151.jpg 300w\" sizes=\"(max-width: 325px) 100vw, 325px\" \/><\/figure>\n\n\n\n<h2 class=\"wp-block-heading alignwide has-text-align-center\" style=\"border-style:none;border-width:0px;margin-top:var(--wp--preset--spacing--10);margin-bottom:var(--wp--preset--spacing--10)\"><strong>Tous nos produits sont con\u00e7us et r\u00e9alis\u00e9s en France, dans des entreprises locales au c\u0153ur du Jura.<\/strong><\/h2>\n\n\n\n<figure class=\"wp-block-gallery alignwide has-nested-images columns-default is-cropped wp-block-gallery-2 is-layout-flex wp-block-gallery-is-layout-flex\">\n<figure class=\"wp-block-image size-large has-custom-border wp-duotone-unset-1\" style=\"margin-top:0;margin-right:0;margin-bottom:0;margin-left:0\"><img loading=\"lazy\" decoding=\"async\" width=\"559\" height=\"382\" data-id=\"314\" src=\"https:\/\/tropsteele.fr\/wp-content\/uploads\/2026\/01\/Decoupe-laser.jpg\" alt=\"\" class=\"wp-image-314\" style=\"border-style:none;border-width:0px;aspect-ratio:16\/9\" srcset=\"https:\/\/tropsteele.fr\/wp-content\/uploads\/2026\/01\/Decoupe-laser.jpg 559w, https:\/\/tropsteele.fr\/wp-content\/uploads\/2026\/01\/Decoupe-laser-300x205.jpg 300w\" sizes=\"(max-width: 559px) 100vw, 559px\" \/><\/figure>\n\n\n\n<figure class=\"wp-block-image size-large\" style=\"margin-right:0;margin-left:0\"><img loading=\"lazy\" decoding=\"async\" width=\"444\" height=\"540\" data-id=\"315\" src=\"https:\/\/tropsteele.fr\/wp-content\/uploads\/2026\/01\/Peinture-poudre.jpg\" alt=\"\" class=\"wp-image-315\" style=\"aspect-ratio:16\/9\" srcset=\"https:\/\/tropsteele.fr\/wp-content\/uploads\/2026\/01\/Peinture-poudre.jpg 444w, https:\/\/tropsteele.fr\/wp-content\/uploads\/2026\/01\/Peinture-poudre-247x300.jpg 247w\" sizes=\"(max-width: 444px) 100vw, 444px\" \/><\/figure>\n<\/figure>\n<\/div>\n\n\n\n<p><\/p>\n","protected":false},"excerpt":{"rendered":"<p>Transformez une id\u00e9e, un souvenir, en une pi\u00e8ce de d\u00e9coration unique \u00ab Cr\u00e9er c&rsquo;est se souvenir.&nbsp;\u00bb Imaginez, cr\u00e9ez, \u00e9patez. Cr\u00e9ations sur-mesure personnalis\u00e9es Cr\u00e9ations Trop Steel\u00e9 Villes Paysage Cassis45\u20ac Paysage Roquefort la B\u00e9douleA partir de 45\u20ac Paysage Poligny45\u20ac Paysage ArboisA partir de 45\u20ac Paysage Salin-les-bains45\u20ac Paysage ArA partir de 45\u20ac Fiert\u00e9s locales T\u00eate de Maure Corse80\u20ac [&hellip;]<\/p>\n","protected":false},"author":1,"featured_media":0,"parent":0,"menu_order":0,"comment_status":"closed","ping_status":"closed","template":"","meta":{"footnotes":""},"class_list":["post-151","page","type-page","status-publish","hentry"],"_links":{"self":[{"href":"https:\/\/tropsteele.fr\/index.php\/wp-json\/wp\/v2\/pages\/151","targetHints":{"allow":["GET"]}}],"collection":[{"href":"https:\/\/tropsteele.fr\/index.php\/wp-json\/wp\/v2\/pages"}],"about":[{"href":"https:\/\/tropsteele.fr\/index.php\/wp-json\/wp\/v2\/types\/page"}],"author":[{"embeddable":true,"href":"https:\/\/tropsteele.fr\/index.php\/wp-json\/wp\/v2\/users\/1"}],"replies":[{"embeddable":true,"href":"https:\/\/tropsteele.fr\/index.php\/wp-json\/wp\/v2\/comments?post=151"}],"version-history":[{"count":45,"href":"https:\/\/tropsteele.fr\/index.php\/wp-json\/wp\/v2\/pages\/151\/revisions"}],"predecessor-version":[{"id":402,"href":"https:\/\/tropsteele.fr\/index.php\/wp-json\/wp\/v2\/pages\/151\/revisions\/402"}],"wp:attachment":[{"href":"https:\/\/tropsteele.fr\/index.php\/wp-json\/wp\/v2\/media?parent=151"}],"curies":[{"name":"wp","href":"https:\/\/api.w.org\/{rel}","templated":true}]}}