{"id":101,"date":"2025-12-10T14:03:34","date_gmt":"2025-12-10T13:03:34","guid":{"rendered":"https:\/\/tropsteele.fr\/?page_id=101"},"modified":"2025-12-10T18:34:56","modified_gmt":"2025-12-10T17:34:56","slug":"popheart","status":"publish","type":"page","link":"https:\/\/tropsteele.fr\/index.php\/popheart\/","title":{"rendered":"Popheart"},"content":{"rendered":"\n<h2 class=\"wp-block-heading has-text-align-center has-xx-large-font-size\"><strong>Popheart<\/strong><\/h2>\n\n\n\n<h2 class=\"wp-block-heading has-text-align-center\" style=\"margin-top:var(--wp--preset--spacing--20);margin-bottom:var(--wp--preset--spacing--20)\">Immortalisez le premier souvenir de votre enfant<\/h2>\n\n\n\n<figure class=\"wp-block-image size-full\" style=\"margin-top:var(--wp--preset--spacing--40);margin-bottom:var(--wp--preset--spacing--40)\"><img fetchpriority=\"high\" decoding=\"async\" width=\"851\" height=\"625\" src=\"https:\/\/tropsteele.fr\/wp-content\/uploads\/2025\/12\/Marius-montage.jpg\" alt=\"\" class=\"wp-image-184\" srcset=\"https:\/\/tropsteele.fr\/wp-content\/uploads\/2025\/12\/Marius-montage.jpg 851w, https:\/\/tropsteele.fr\/wp-content\/uploads\/2025\/12\/Marius-montage-300x220.jpg 300w, https:\/\/tropsteele.fr\/wp-content\/uploads\/2025\/12\/Marius-montage-768x564.jpg 768w\" sizes=\"(max-width: 851px) 100vw, 851px\" \/><\/figure>\n\n\n\n<div class=\"wp-block-group alignfull has-base-color has-contrast-background-color has-text-color has-background has-global-padding is-layout-constrained wp-container-core-group-is-layout-218c8f3f wp-block-group-is-layout-constrained\" style=\"margin-top:0;margin-bottom:0;padding-top:var(--wp--preset--spacing--30);padding-right:var(--wp--preset--spacing--60);padding-bottom:var(--wp--preset--spacing--30);padding-left:var(--wp--preset--spacing--60)\">\n<div class=\"wp-block-group has-global-padding is-layout-constrained wp-block-group-is-layout-constrained\">\n<p class=\"has-text-align-center has-base-color has-text-color has-heading-font-family has-x-large-font-size\" style=\"margin-top:var(--wp--preset--spacing--40);margin-bottom:var(--wp--preset--spacing--40);line-height:1.2\"><em>\u00ab Parfois, les plus petites choses prennent le plus de place dans votre c\u0153ur.&nbsp;\u00bb<\/em><\/p>\n<\/div>\n<\/div>\n\n\n\n<div class=\"wp-block-group has-global-padding is-layout-constrained wp-block-group-is-layout-constrained\">\n<div class=\"wp-block-group has-global-padding is-layout-constrained wp-block-group-is-layout-constrained\">\n<h2 class=\"wp-block-heading has-text-align-center\" style=\"margin-top:var(--wp--preset--spacing--20);margin-bottom:var(--wp--preset--spacing--20)\"><strong>Un popheart, qu&rsquo;est-ce que c&rsquo;est ?<\/strong><\/h2>\n\n\n\n<p class=\"has-text-align-center has-contrast-color has-text-color has-link-color wp-elements-77e9f0476d2653ae9be3f92123a25436\">Quel est le premier souvenir de votre enfant ?<br>Un premier cri, un premier contact ?<br>Et si ce souvenir avait lieu bien avant sa naissance ?<br>Le Popheart permet d&rsquo;immortaliser le premier battement de c\u0153ur de votre enfant. Ce moment ou le r\u00eave et l&rsquo;abstrait laissent leur place \u00e0 la vie et l&rsquo;\u00e9motion.<\/p>\n\n\n\n<h2 class=\"wp-block-heading has-text-align-center\" style=\"margin-top:var(--wp--preset--spacing--10);margin-bottom:var(--wp--preset--spacing--10)\"><strong>Transformez cette \u00e9motion en un objet<\/strong> <strong>unique<\/strong><\/h2>\n<\/div>\n\n\n\n<p><\/p>\n<\/div>\n\n\n\n<p class=\"has-contrast-color has-text-color has-link-color wp-elements-54f523c78705b2e3ce28a76cc9e10fcc\"><\/p>\n\n\n\n<p><\/p>\n","protected":false},"excerpt":{"rendered":"<p>Popheart Immortalisez le premier souvenir de votre enfant \u00ab Parfois, les plus petites choses prennent le plus de place dans votre c\u0153ur.&nbsp;\u00bb Un popheart, qu&rsquo;est-ce que c&rsquo;est ? Quel est le premier souvenir de votre enfant ?Un premier cri, un premier contact ?Et si ce souvenir avait lieu bien avant sa naissance ?Le Popheart permet [&hellip;]<\/p>\n","protected":false},"author":1,"featured_media":0,"parent":0,"menu_order":0,"comment_status":"closed","ping_status":"closed","template":"","meta":{"footnotes":""},"class_list":["post-101","page","type-page","status-publish","hentry"],"_links":{"self":[{"href":"https:\/\/tropsteele.fr\/index.php\/wp-json\/wp\/v2\/pages\/101","targetHints":{"allow":["GET"]}}],"collection":[{"href":"https:\/\/tropsteele.fr\/index.php\/wp-json\/wp\/v2\/pages"}],"about":[{"href":"https:\/\/tropsteele.fr\/index.php\/wp-json\/wp\/v2\/types\/page"}],"author":[{"embeddable":true,"href":"https:\/\/tropsteele.fr\/index.php\/wp-json\/wp\/v2\/users\/1"}],"replies":[{"embeddable":true,"href":"https:\/\/tropsteele.fr\/index.php\/wp-json\/wp\/v2\/comments?post=101"}],"version-history":[{"count":13,"href":"https:\/\/tropsteele.fr\/index.php\/wp-json\/wp\/v2\/pages\/101\/revisions"}],"predecessor-version":[{"id":209,"href":"https:\/\/tropsteele.fr\/index.php\/wp-json\/wp\/v2\/pages\/101\/revisions\/209"}],"wp:attachment":[{"href":"https:\/\/tropsteele.fr\/index.php\/wp-json\/wp\/v2\/media?parent=101"}],"curies":[{"name":"wp","href":"https:\/\/api.w.org\/{rel}","templated":true}]}}